{"id":44849,"date":"2025-07-28T10:53:19","date_gmt":"2025-07-28T09:53:19","guid":{"rendered":"https:\/\/primaverde.com\/ondersteuning\/"},"modified":"2025-07-30T16:24:15","modified_gmt":"2025-07-30T15:24:15","slug":"support","status":"publish","type":"page","link":"https:\/\/primaverde.com\/sv\/support\/","title":{"rendered":"Support"},"content":{"rendered":"\n<h1 class=\"wp-block-heading has-text-align-center\" id=\"h-kommersiell-och-teknisk-support\"> Kommersiell och teknisk support <\/h1>\n\n\n\n<h2 class=\"wp-block-heading has-text-align-center\" id=\"h-tillforlitligheten-hos-teknisk-och-kommersiell-support-hos-primaverde\">Tillf\u00f6rlitligheten hos teknisk och kommersiell support hos Primaverde<\/h2>\n\n\n\n<p><\/p>\n\n\n\n<div class=\"wp-block-columns has-2-columns is-layout-flex wp-container-core-columns-is-layout-9d6595d7 wp-block-columns-is-layout-flex\">\n<div class=\"wp-block-column is-layout-flow wp-block-column-is-layout-flow\">\n<figure class=\"wp-block-gallery has-nested-images columns-2 wp-block-gallery-1 is-layout-flex wp-block-gallery-is-layout-flex\">\n<figure class=\"wp-block-image size-full\"><a href=\"https:\/\/primaverde.com\/wp-content\/uploads\/2025\/07\/PrimaCover2_logo_content_categorie_1-600x399-2.jpg\"><img loading=\"lazy\" decoding=\"async\" width=\"600\" height=\"399\" data-id=\"44886\" src=\"https:\/\/primaverde.com\/wp-content\/uploads\/2025\/07\/PrimaCover2_logo_content_categorie_1-600x399-2.jpg\" alt=\"\" class=\"wp-image-44886\" srcset=\"https:\/\/primaverde.com\/wp-content\/uploads\/2025\/07\/PrimaCover2_logo_content_categorie_1-600x399-2.jpg 600w, https:\/\/primaverde.com\/wp-content\/uploads\/2025\/07\/PrimaCover2_logo_content_categorie_1-600x399-2-300x200.jpg 300w\" sizes=\"auto, (max-width: 600px) 100vw, 600px\" \/><\/a><\/figure>\n\n\n\n<figure class=\"wp-block-image size-full\"><a href=\"https:\/\/primaverde.com\/wp-content\/uploads\/2025\/07\/PrimaCover6_logo_content_categorie_2-300x200-1.jpg\"><img loading=\"lazy\" decoding=\"async\" width=\"300\" height=\"200\" data-id=\"44901\" src=\"https:\/\/primaverde.com\/wp-content\/uploads\/2025\/07\/PrimaCover6_logo_content_categorie_2-300x200-1.jpg\" alt=\"\" class=\"wp-image-44901\"\/><\/a><\/figure>\n\n\n\n<figure class=\"wp-block-image size-full\"><a href=\"https:\/\/primaverde.com\/wp-content\/uploads\/2025\/07\/PrimaCover9_logo_content_categorie_2-300x200-1.jpg\"><img loading=\"lazy\" decoding=\"async\" width=\"300\" height=\"200\" data-id=\"44908\" src=\"https:\/\/primaverde.com\/wp-content\/uploads\/2025\/07\/PrimaCover9_logo_content_categorie_2-300x200-1.jpg\" alt=\"\" class=\"wp-image-44908\"\/><\/a><\/figure>\n\n\n\n<figure class=\"wp-block-image size-full\"><a href=\"https:\/\/primaverde.com\/wp-content\/uploads\/2025\/07\/PrimaCover10_logo_content_categorie_2-300x200-1.jpg\"><img loading=\"lazy\" decoding=\"async\" width=\"300\" height=\"200\" data-id=\"44915\" src=\"https:\/\/primaverde.com\/wp-content\/uploads\/2025\/07\/PrimaCover10_logo_content_categorie_2-300x200-1.jpg\" alt=\"\" class=\"wp-image-44915\"\/><\/a><\/figure>\n\n\n\n<figure class=\"wp-block-image size-full\"><a href=\"https:\/\/primaverde.com\/wp-content\/uploads\/2025\/07\/PrimaCover11_logo_content_categorie_2-300x200-1.jpg\"><img loading=\"lazy\" decoding=\"async\" width=\"300\" height=\"200\" data-id=\"44922\" src=\"https:\/\/primaverde.com\/wp-content\/uploads\/2025\/07\/PrimaCover11_logo_content_categorie_2-300x200-1.jpg\" alt=\"\" class=\"wp-image-44922\"\/><\/a><\/figure>\n\n\n\n<figure class=\"wp-block-image size-full\"><a href=\"https:\/\/primaverde.com\/wp-content\/uploads\/2025\/07\/PrimaCover16_logo_content_categorie_2-300x200-1.jpg\"><img loading=\"lazy\" decoding=\"async\" width=\"300\" height=\"200\" data-id=\"44930\" src=\"https:\/\/primaverde.com\/wp-content\/uploads\/2025\/07\/PrimaCover16_logo_content_categorie_2-300x200-1.jpg\" alt=\"\" class=\"wp-image-44930\"\/><\/a><\/figure>\n\n\n\n<figure class=\"wp-block-image size-full\"><a href=\"https:\/\/primaverde.com\/wp-content\/uploads\/2025\/07\/PrimaCover30_logo_content_categorie_2-300x200-1.jpg\"><img loading=\"lazy\" decoding=\"async\" width=\"300\" height=\"200\" data-id=\"44937\" src=\"https:\/\/primaverde.com\/wp-content\/uploads\/2025\/07\/PrimaCover30_logo_content_categorie_2-300x200-1.jpg\" alt=\"\" class=\"wp-image-44937\"\/><\/a><\/figure>\n<\/figure>\n<\/div>\n\n\n\n<div class=\"wp-block-column is-layout-flow wp-block-column-is-layout-flow\">\n<p>Primaverde levererar endast premiumkvalitet. Ett premiumprodukt utvecklas inte av sig sj\u00e4lv. Det kr\u00e4ver omsorg, uppm\u00e4rksamhet, marknadskunskap och en utm\u00e4rkt kundservice. F\u00f6rv\u00e4nta dig enast\u00e5ende och medveten kvalitet, uppf\u00f6ljning och utm\u00e4rkt teknisk support.<\/p>\n\n\n\n<h3 class=\"wp-block-heading\" id=\"h-uppfoljning-av-aterforsaljare\">Uppf\u00f6ljning av \u00e5terf\u00f6rs\u00e4ljare<\/h3>\n\n\n\n<p>\u00c4r du \u00e5terf\u00f6rs\u00e4ljare av v\u00e5ra produkter? Primaverde erbjuder omfattande teknisk och kommersiell support till \u00e5terf\u00f6rs\u00e4ljare. Som f\u00f6rs\u00e4ljningsst\u00e4lle f\u00f6r v\u00e5ra produkter \u00e4r du d\u00e4rf\u00f6r aldrig ensam.<\/p>\n\n\n\n<h3 class=\"wp-block-heading\" id=\"h-teknisk-support\">Teknisk support<\/h3>\n\n\n\n<p>Tekniska produkter f\u00f6rtj\u00e4nar r\u00e4tt teknisk support. V\u00e5ra medarbetare ger d\u00e4rf\u00f6r produktutbildning och r\u00e5d om r\u00e4tt anv\u00e4ndning av Primacover t\u00e4ckmaterial och dammd\u00f6rrar i specifika situationer. D\u00e4rf\u00f6r kan de vara regelbundet hos entrepren\u00f6rer, byggvaruhus och p\u00e5 byggarbetsplatser. Det inneb\u00e4r ofta flera bes\u00f6k, d\u00e4r en av v\u00e5ra medarbetare tillsammans med din projektledare ser till att arbetet utf\u00f6rs rent och s\u00e4kert.<\/p>\n\n\n\n<h3 class=\"wp-block-heading\" id=\"h-kommersiell-support\">Kommersiell support<\/h3>\n\n\n\n<p>Primaverde erbjuder kommersiell support p\u00e5 olika s\u00e4tt. M\u00e5let \u00e4r: en god dialog med din kund och anv\u00e4ndarna av v\u00e5ra produkter. V\u00e5rt sortiment presenteras i butik med hj\u00e4lp av sk\u00e4rmar och butikshyllor. Dessutom k\u00e4nnetecknas v\u00e5r marknadsf\u00f6ring av igenk\u00e4nnbar f\u00f6rpackning, informativa webbplatser, broschyrer, en noggrann medieinriktning och deltagande p\u00e5 m\u00e4ssor.<\/p>\n\n\n\n<h3 class=\"wp-block-heading\" id=\"h-digitalt\">Digitalt<\/h3>\n\n\n\n<p>F\u00f6r marknadsf\u00f6ring av v\u00e5ra varum\u00e4rken tillhandah\u00e5ller vi olika kommunikationsmedel till v\u00e5ra \u00e5terf\u00f6rs\u00e4ljare. Vi tillhandah\u00e5ller h\u00f6gkvalitativa produktbilder, s\u00e4ljfr\u00e4mjande videor och layoutfiler. \u00c5terf\u00f6rs\u00e4ljare och grossister drar ocks\u00e5 nytta av den automatiska utbytet av produktinformation via FINFO eller elektroniska medier via UBL.<\/p>\n\n\n\n<h3 class=\"wp-block-heading\" id=\"h-private-label\">Private label<\/h3>\n\n\n\n<p>Fr\u00e5ga ocks\u00e5 om alternativen f\u00f6r din egen private label eller tryck p\u00e5 f\u00f6rpackningen. Din Primaverde-r\u00e5dgivare ber\u00e4ttar allt om alternativen och minsta orderkvantitet.<\/p>\n\n\n\n<h3 class=\"wp-block-heading\" id=\"h-mer-information\">Mer information<\/h3>\n\n\n\n<p>V\u00e5ra produkter finns tillg\u00e4ngliga hos j\u00e4rnhandlare, byggvaruhus, elgrossister och m\u00e5larhandlare. Kontakta g\u00e4rna Primaverde om du vill veta mer om v\u00e5ra varum\u00e4rken och v\u00e5r marknadsstrategi. Vi hj\u00e4lper dig g\u00e4rna. Tveka inte att kontakta oss utan f\u00f6rpliktelser.<\/p>\n<\/div>\n<\/div>\n\n\n\n<p><\/p>\n","protected":false},"excerpt":{"rendered":"<p>Kommersiell och teknisk support Tillf\u00f6rlitligheten hos teknisk och kommersiell support hos Primaverde Primaverde levererar endast premiumkvalitet. Ett premiumprodukt utvecklas inte &#8230; <a title=\"Support\" class=\"read-more\" href=\"https:\/\/primaverde.com\/sv\/support\/\" aria-label=\"L\u00e4s mer om Support\">Lees verder&#8230;<\/a><\/p>\n","protected":false},"author":140,"featured_media":0,"parent":0,"menu_order":4,"comment_status":"closed","ping_status":"closed","template":"","meta":{"generate_page_header":"","footnotes":""},"class_list":{"0":"post-44849","1":"page","2":"type-page","3":"status-publish","5":"infinite-scroll-item"},"yoast_head":"<!-- This site is optimized with the Yoast SEO Premium plugin v26.8 (Yoast SEO v27.4) - https:\/\/yoast.com\/product\/yoast-seo-premium-wordpress\/ -->\n<title>Kommersiell och teknisk support<\/title>\n<meta name=\"description\" content=\"PrimaCover skyddsmaterial f\u00f6r m\u00e5nga olika ytor s\u00e5som betong, natursten, kakel, tr\u00e4, parkett, laminat, linoleum, metall, mattor etc.\" \/>\n<meta name=\"robots\" content=\"index, follow, max-snippet:-1, max-image-preview:large, max-video-preview:-1\" \/>\n<link rel=\"canonical\" href=\"https:\/\/primaverde.com\/sv\/support\/\" \/>\n<meta property=\"og:locale\" content=\"sv_SE\" \/>\n<meta property=\"og:type\" content=\"article\" \/>\n<meta property=\"og:title\" content=\"Support\" \/>\n<meta property=\"og:description\" content=\"PrimaCover skyddsmaterial f\u00f6r m\u00e5nga olika ytor s\u00e5som betong, natursten, kakel, tr\u00e4, parkett, laminat, linoleum, metall, mattor etc.\" \/>\n<meta property=\"og:url\" content=\"https:\/\/primaverde.com\/sv\/support\/\" \/>\n<meta property=\"og:site_name\" content=\"Primaverde\" \/>\n<meta property=\"article:publisher\" content=\"https:\/\/www.facebook.com\/PrimaverdeBV\/\" \/>\n<meta property=\"article:modified_time\" content=\"2025-07-30T15:24:15+00:00\" \/>\n<meta property=\"og:image\" content=\"https:\/\/primaverde.com\/wp-content\/uploads\/2025\/07\/PrimaCover2_logo_content_categorie_1-600x399-2.jpg\" \/>\n\t<meta property=\"og:image:width\" content=\"600\" \/>\n\t<meta property=\"og:image:height\" content=\"399\" \/>\n\t<meta property=\"og:image:type\" content=\"image\/jpeg\" \/>\n<meta name=\"twitter:card\" content=\"summary_large_image\" \/>\n<meta name=\"twitter:site\" content=\"@PrimaverdeBV\" \/>\n<meta name=\"twitter:label1\" content=\"Ber\u00e4knad l\u00e4stid\" \/>\n\t<meta name=\"twitter:data1\" content=\"3 minuter\" \/>\n<script type=\"application\/ld+json\" class=\"yoast-schema-graph\">{\"@context\":\"https:\\\/\\\/schema.org\",\"@graph\":[{\"@type\":\"WebPage\",\"@id\":\"https:\\\/\\\/primaverde.com\\\/sv\\\/support\\\/\",\"url\":\"https:\\\/\\\/primaverde.com\\\/sv\\\/support\\\/\",\"name\":\"Kommersiell och teknisk support\",\"isPartOf\":{\"@id\":\"https:\\\/\\\/primaverde.com\\\/sv\\\/#website\"},\"primaryImageOfPage\":{\"@id\":\"https:\\\/\\\/primaverde.com\\\/sv\\\/support\\\/#primaryimage\"},\"image\":{\"@id\":\"https:\\\/\\\/primaverde.com\\\/sv\\\/support\\\/#primaryimage\"},\"thumbnailUrl\":\"https:\\\/\\\/primaverde.com\\\/wp-content\\\/uploads\\\/2025\\\/07\\\/PrimaCover2_logo_content_categorie_1-600x399-2.jpg\",\"datePublished\":\"2025-07-28T09:53:19+00:00\",\"dateModified\":\"2025-07-30T15:24:15+00:00\",\"description\":\"PrimaCover skyddsmaterial f\u00f6r m\u00e5nga olika ytor s\u00e5som betong, natursten, kakel, tr\u00e4, parkett, laminat, linoleum, metall, mattor etc.\",\"breadcrumb\":{\"@id\":\"https:\\\/\\\/primaverde.com\\\/sv\\\/support\\\/#breadcrumb\"},\"inLanguage\":\"sv-SE\",\"potentialAction\":[{\"@type\":\"ReadAction\",\"target\":[\"https:\\\/\\\/primaverde.com\\\/sv\\\/support\\\/\"]}]},{\"@type\":\"ImageObject\",\"inLanguage\":\"sv-SE\",\"@id\":\"https:\\\/\\\/primaverde.com\\\/sv\\\/support\\\/#primaryimage\",\"url\":\"https:\\\/\\\/primaverde.com\\\/wp-content\\\/uploads\\\/2025\\\/07\\\/PrimaCover2_logo_content_categorie_1-600x399-2.jpg\",\"contentUrl\":\"https:\\\/\\\/primaverde.com\\\/wp-content\\\/uploads\\\/2025\\\/07\\\/PrimaCover2_logo_content_categorie_1-600x399-2.jpg\"},{\"@type\":\"BreadcrumbList\",\"@id\":\"https:\\\/\\\/primaverde.com\\\/sv\\\/support\\\/#breadcrumb\",\"itemListElement\":[{\"@type\":\"ListItem\",\"position\":1,\"name\":\"Home\",\"item\":\"https:\\\/\\\/primaverde.com\\\/sv\\\/\"},{\"@type\":\"ListItem\",\"position\":2,\"name\":\"Support\"}]},{\"@type\":\"WebSite\",\"@id\":\"https:\\\/\\\/primaverde.com\\\/sv\\\/#website\",\"url\":\"https:\\\/\\\/primaverde.com\\\/sv\\\/\",\"name\":\"Primaverde\",\"description\":\"Covering material, protection, tapes, Beschermende materialen\",\"publisher\":{\"@id\":\"https:\\\/\\\/primaverde.com\\\/sv\\\/#organization\"},\"potentialAction\":[{\"@type\":\"SearchAction\",\"target\":{\"@type\":\"EntryPoint\",\"urlTemplate\":\"https:\\\/\\\/primaverde.com\\\/sv\\\/?s={search_term_string}\"},\"query-input\":{\"@type\":\"PropertyValueSpecification\",\"valueRequired\":true,\"valueName\":\"search_term_string\"}}],\"inLanguage\":\"sv-SE\"},{\"@type\":\"Organization\",\"@id\":\"https:\\\/\\\/primaverde.com\\\/sv\\\/#organization\",\"name\":\"Primaverde B.V.\",\"url\":\"https:\\\/\\\/primaverde.com\\\/sv\\\/\",\"logo\":{\"@type\":\"ImageObject\",\"inLanguage\":\"sv-SE\",\"@id\":\"https:\\\/\\\/primaverde.com\\\/sv\\\/#\\\/schema\\\/logo\\\/image\\\/\",\"url\":\"https:\\\/\\\/primaverde.com\\\/wp-content\\\/uploads\\\/2015\\\/03\\\/Logo_Primaverde.jpg\",\"contentUrl\":\"https:\\\/\\\/primaverde.com\\\/wp-content\\\/uploads\\\/2015\\\/03\\\/Logo_Primaverde.jpg\",\"width\":1170,\"height\":212,\"caption\":\"Primaverde B.V.\"},\"image\":{\"@id\":\"https:\\\/\\\/primaverde.com\\\/sv\\\/#\\\/schema\\\/logo\\\/image\\\/\"},\"sameAs\":[\"https:\\\/\\\/www.facebook.com\\\/PrimaverdeBV\\\/\",\"https:\\\/\\\/x.com\\\/PrimaverdeBV\",\"https:\\\/\\\/nl.linkedin.com\\\/company\\\/primaverde\",\"http:\\\/\\\/www.youtube.com\\\/channel\\\/UC3DwQqj8f8tatLdSFA0aWwA\"]}]}<\/script>\n<!-- \/ Yoast SEO Premium plugin. -->","yoast_head_json":{"title":"Kommersiell och teknisk support","description":"PrimaCover skyddsmaterial f\u00f6r m\u00e5nga olika ytor s\u00e5som betong, natursten, kakel, tr\u00e4, parkett, laminat, linoleum, metall, mattor etc.","robots":{"index":"index","follow":"follow","max-snippet":"max-snippet:-1","max-image-preview":"max-image-preview:large","max-video-preview":"max-video-preview:-1"},"canonical":"https:\/\/primaverde.com\/sv\/support\/","og_locale":"sv_SE","og_type":"article","og_title":"Support","og_description":"PrimaCover skyddsmaterial f\u00f6r m\u00e5nga olika ytor s\u00e5som betong, natursten, kakel, tr\u00e4, parkett, laminat, linoleum, metall, mattor etc.","og_url":"https:\/\/primaverde.com\/sv\/support\/","og_site_name":"Primaverde","article_publisher":"https:\/\/www.facebook.com\/PrimaverdeBV\/","article_modified_time":"2025-07-30T15:24:15+00:00","og_image":[{"width":600,"height":399,"url":"https:\/\/primaverde.com\/wp-content\/uploads\/2025\/07\/PrimaCover2_logo_content_categorie_1-600x399-2.jpg","type":"image\/jpeg"}],"twitter_card":"summary_large_image","twitter_site":"@PrimaverdeBV","twitter_misc":{"Ber\u00e4knad l\u00e4stid":"3 minuter"},"schema":{"@context":"https:\/\/schema.org","@graph":[{"@type":"WebPage","@id":"https:\/\/primaverde.com\/sv\/support\/","url":"https:\/\/primaverde.com\/sv\/support\/","name":"Kommersiell och teknisk support","isPartOf":{"@id":"https:\/\/primaverde.com\/sv\/#website"},"primaryImageOfPage":{"@id":"https:\/\/primaverde.com\/sv\/support\/#primaryimage"},"image":{"@id":"https:\/\/primaverde.com\/sv\/support\/#primaryimage"},"thumbnailUrl":"https:\/\/primaverde.com\/wp-content\/uploads\/2025\/07\/PrimaCover2_logo_content_categorie_1-600x399-2.jpg","datePublished":"2025-07-28T09:53:19+00:00","dateModified":"2025-07-30T15:24:15+00:00","description":"PrimaCover skyddsmaterial f\u00f6r m\u00e5nga olika ytor s\u00e5som betong, natursten, kakel, tr\u00e4, parkett, laminat, linoleum, metall, mattor etc.","breadcrumb":{"@id":"https:\/\/primaverde.com\/sv\/support\/#breadcrumb"},"inLanguage":"sv-SE","potentialAction":[{"@type":"ReadAction","target":["https:\/\/primaverde.com\/sv\/support\/"]}]},{"@type":"ImageObject","inLanguage":"sv-SE","@id":"https:\/\/primaverde.com\/sv\/support\/#primaryimage","url":"https:\/\/primaverde.com\/wp-content\/uploads\/2025\/07\/PrimaCover2_logo_content_categorie_1-600x399-2.jpg","contentUrl":"https:\/\/primaverde.com\/wp-content\/uploads\/2025\/07\/PrimaCover2_logo_content_categorie_1-600x399-2.jpg"},{"@type":"BreadcrumbList","@id":"https:\/\/primaverde.com\/sv\/support\/#breadcrumb","itemListElement":[{"@type":"ListItem","position":1,"name":"Home","item":"https:\/\/primaverde.com\/sv\/"},{"@type":"ListItem","position":2,"name":"Support"}]},{"@type":"WebSite","@id":"https:\/\/primaverde.com\/sv\/#website","url":"https:\/\/primaverde.com\/sv\/","name":"Primaverde","description":"Covering material, protection, tapes, Beschermende materialen","publisher":{"@id":"https:\/\/primaverde.com\/sv\/#organization"},"potentialAction":[{"@type":"SearchAction","target":{"@type":"EntryPoint","urlTemplate":"https:\/\/primaverde.com\/sv\/?s={search_term_string}"},"query-input":{"@type":"PropertyValueSpecification","valueRequired":true,"valueName":"search_term_string"}}],"inLanguage":"sv-SE"},{"@type":"Organization","@id":"https:\/\/primaverde.com\/sv\/#organization","name":"Primaverde B.V.","url":"https:\/\/primaverde.com\/sv\/","logo":{"@type":"ImageObject","inLanguage":"sv-SE","@id":"https:\/\/primaverde.com\/sv\/#\/schema\/logo\/image\/","url":"https:\/\/primaverde.com\/wp-content\/uploads\/2015\/03\/Logo_Primaverde.jpg","contentUrl":"https:\/\/primaverde.com\/wp-content\/uploads\/2015\/03\/Logo_Primaverde.jpg","width":1170,"height":212,"caption":"Primaverde B.V."},"image":{"@id":"https:\/\/primaverde.com\/sv\/#\/schema\/logo\/image\/"},"sameAs":["https:\/\/www.facebook.com\/PrimaverdeBV\/","https:\/\/x.com\/PrimaverdeBV","https:\/\/nl.linkedin.com\/company\/primaverde","http:\/\/www.youtube.com\/channel\/UC3DwQqj8f8tatLdSFA0aWwA"]}]}},"_links":{"self":[{"href":"https:\/\/primaverde.com\/sv\/wp-json\/wp\/v2\/pages\/44849","targetHints":{"allow":["GET"]}}],"collection":[{"href":"https:\/\/primaverde.com\/sv\/wp-json\/wp\/v2\/pages"}],"about":[{"href":"https:\/\/primaverde.com\/sv\/wp-json\/wp\/v2\/types\/page"}],"author":[{"embeddable":true,"href":"https:\/\/primaverde.com\/sv\/wp-json\/wp\/v2\/users\/140"}],"replies":[{"embeddable":true,"href":"https:\/\/primaverde.com\/sv\/wp-json\/wp\/v2\/comments?post=44849"}],"version-history":[{"count":8,"href":"https:\/\/primaverde.com\/sv\/wp-json\/wp\/v2\/pages\/44849\/revisions"}],"predecessor-version":[{"id":44983,"href":"https:\/\/primaverde.com\/sv\/wp-json\/wp\/v2\/pages\/44849\/revisions\/44983"}],"wp:attachment":[{"href":"https:\/\/primaverde.com\/sv\/wp-json\/wp\/v2\/media?parent=44849"}],"curies":[{"name":"wp","href":"https:\/\/api.w.org\/{rel}","templated":true}]}}