{"id":45017,"date":"2025-08-05T11:00:12","date_gmt":"2025-08-05T10:00:12","guid":{"rendered":"https:\/\/primaverde.com\/duurzaamheid-en-milieu\/"},"modified":"2026-03-17T12:24:44","modified_gmt":"2026-03-17T11:24:44","slug":"hallbarhet-och-miljo","status":"publish","type":"page","link":"https:\/\/primaverde.com\/sv\/hallbarhet-och-miljo\/","title":{"rendered":"H\u00e5llbarhet och milj\u00f6"},"content":{"rendered":"\n<h1 class=\"wp-block-heading has-text-align-center\" id=\"h-hallbarhet-och-miljo\">H\u00e5llbarhet och milj\u00f6<\/h1>\n\n\n\n<h2 class=\"wp-block-heading has-text-align-center\" id=\"h-sa-bidrar-primaverde-till-en-halsosam-varld\">S\u00e5 bidrar Primaverde till en h\u00e4lsosam v\u00e4rld<\/h2>\n\n\n\n<div class=\"wp-block-columns has-3-columns is-layout-flex wp-container-core-columns-is-layout-9d6595d7 wp-block-columns-is-layout-flex\">\n<div class=\"wp-block-column is-layout-flow wp-block-column-is-layout-flow\">\n<h3 class=\"wp-block-heading\" id=\"h-hallbarhet\">H\u00e5llbarhet<\/h3>\n\n\n\n<p><strong>Primaverde BV har h\u00e5llbarhet som en fast del av sin mission och vision. Varje beslut inom v\u00e5rt f\u00f6retag pr\u00f6vas d\u00e4rf\u00f6r mot h\u00e5llbarhetsprincipen. P\u00e5 s\u00e5 s\u00e4tt vill Primaverde bidra till en h\u00e4lsosam v\u00e4rld, bevarande av milj\u00f6n och m\u00e4nniskors v\u00e4lbefinnande. Dessutom \u00e4r vi d\u00e4rmed st\u00e4ndigt uppm\u00e4rksamma p\u00e5 m\u00f6jligheter att ytterligare minska v\u00e5rt koldioxidavtryck. P\u00e5 denna sida f\u00f6rklarar vi hur vi implementerar h\u00e5llbarhet som en fast del av v\u00e5ra aff\u00e4rsprocesser och produkter.<\/strong><\/p>\n\n\n\n<h3 class=\"wp-block-heading\" id=\"h-skydd-bevarande\">Skydd = bevarande<\/h3>\n\n\n\n<p>Primaverde utvecklar, tillverkar och levererar produkter som motverkar f\u00f6roreningar och skador. T\u00e4nk p\u00e5 t\u00e4ckmaterial, klistermattor, dammd\u00f6rrar och antist\u00f8vssystem. Dessa skyddar olika underlag och utrymmen under bygge, renovering, underh\u00e5ll och m\u00e5nga andra arbeten. Skydd inneb\u00e4r bevarande. Genom att f\u00f6rebygga reparationsarbeten ser vi till att r\u00e5varor inte beh\u00f6ver tas ur naturen i on\u00f6dan.<\/p>\n\n\n\n<h3 class=\"gb-headline gb-headline-5a1843ad gb-headline-text\">S\u00e4kerhet = h\u00e5llbarhet<\/h3>\n\n\n\n<p>Enligt Primaverde \u00e4r s\u00e4kerhet f\u00f6r m\u00e4nniskor ocks\u00e5 ett tecken p\u00e5 h\u00e5llbarhet. V\u00e5ra produkter och system \u00e4r d\u00e4rf\u00f6r utformade s\u00e5 att de bidrar till s\u00e4kerheten f\u00f6r de m\u00e4nniskor som arbetar med dem. De flesta av v\u00e5ra t\u00e4ckmaterial \u00e4r sj\u00e4lvh\u00e4ftande, vilket minskar risken f\u00f6r att man snubblar och g\u00f6r dem s\u00e4kra att anv\u00e4nda p\u00e5 trappor. V\u00e5ra fiberduk \u00e4r l\u00e4tta och bidrar d\u00e4rmed till arbetsmilj\u00f6n.<\/p>\n\n\n\n<h3 class=\"gb-headline gb-headline-5c78718e gb-headline-text\">Information och instruktioner<\/h3>\n\n\n\n<figure class=\"wp-block-image size-full\"><a href=\"https:\/\/primacover.com\/product\/primacover-standard\/\" target=\"_blank\" rel=\"noopener\"><img loading=\"lazy\" decoding=\"async\" width=\"400\" height=\"138\" src=\"https:\/\/primaverde.com\/wp-content\/uploads\/2021\/12\/herbruikbaar_PrimaCover_Standard_duurzaam_bescherming_afdekvlies_gerecycled.jpg\" alt=\"\" class=\"wp-image-31234\" srcset=\"https:\/\/primaverde.com\/wp-content\/uploads\/2021\/12\/herbruikbaar_PrimaCover_Standard_duurzaam_bescherming_afdekvlies_gerecycled.jpg 400w, https:\/\/primaverde.com\/wp-content\/uploads\/2021\/12\/herbruikbaar_PrimaCover_Standard_duurzaam_bescherming_afdekvlies_gerecycled-300x104.jpg 300w\" sizes=\"auto, (max-width: 400px) 100vw, 400px\" \/><\/a><\/figure>\n\n\n\n<p>F\u00f6r att s\u00e4kerst\u00e4lla ett gott skydd ger Primaverde-teamet omfattande information och instruktioner om korrekt anv\u00e4ndning av produkterna. Vi informerar \u00e4ven om hur v\u00e5ra produkter kan anv\u00e4ndas p\u00e5 ett s\u00e4kert s\u00e4tt flera g\u00e5nger. V\u00e5r kommunikation sker bland annat via f\u00f6rpackningar, webbplatser, presspublikationer, sociala medier, verktygsm\u00f6ten, produkt- och projektr\u00e5dgivning samt produktinformation. N\u00e4r det \u00e4r m\u00f6jligt v\u00e4ljer vi digitala l\u00f6sningar ist\u00e4llet f\u00f6r papper.<\/p>\n\n\n\n<h3 class=\"wp-block-heading\" id=\"h-atervunna-ravaror\">\u00c5tervunna r\u00e5varor<\/h3>\n\n\n\n<p>Vi anv\u00e4nder \u00e5tervunna r\u00e5varor f\u00f6r tillverkningen av v\u00e5ra produkter. \u00c4ven detta ligger i linje med v\u00e5ra h\u00e5llbarhetsm\u00e5l. Exempel p\u00e5 detta \u00e4r de \u00e5tervunna polyesterfibrerna i v\u00e5ra PrimaCover fiberduk och den \u00e5tervunna kartongen i v\u00e5ra Ram Board produkter. Restmaterial som uppst\u00e5r under tillverkningsprocessen samlas in och \u00e5tervinns till r\u00e5vara.<\/p>\n<\/div>\n\n\n\n<div class=\"wp-block-column is-layout-flow wp-block-column-is-layout-flow\">\n<h3 class=\"wp-block-heading\" id=\"h-ateranvandbar-och-atervinningsbar\">\u00c5teranv\u00e4ndbar och \u00e5tervinningsbar<\/h3>\n\n\n\n<p>Primaverde BV produkter \u00e4r i princip \u00e5teranv\u00e4ndbara och \u00e5tervinningsbara. Detta har tv\u00e5 konsekvenser: f\u00f6r det f\u00f6rsta stimulerar vi marknaden att anv\u00e4nda v\u00e5ra produkter flera g\u00e5nger, f\u00f6r det andra tar vi \u00e5teranv\u00e4ndbarheten av r\u00e5varor som utg\u00e5ngspunkt vid produktutvecklingen. De r\u00e5varor som v\u00e5ra produkter best\u00e5r av har valts ut utifr\u00e5n \u00e5teranv\u00e4ndbarhet och cirkularitet. Produkter som best\u00e5r av flera delar kan demonteras och k\u00e4llsorteras. Primaverde BV \u00e4r alltid uppm\u00e4rksam p\u00e5 ytterligare m\u00f6jligheter n\u00e4r det g\u00e4ller \u00e5teranv\u00e4ndbarhet och \u00e5tervinningsbarhet.<\/p>\n\n\n\n<div style=\"height:13px\" aria-hidden=\"true\" class=\"wp-block-spacer\"><\/div>\n\n\n\n<h3 class=\"wp-block-heading\" id=\"h-hallbara-produktionsprocesser\">H\u00e5llbara produktionsprocesser<\/h3>\n\n\n\n<p>\u00c4ven v\u00e5ra produktionsprocesser \u00e4r h\u00e5llbart utformade. F\u00f6r detta har olika \u00e5tg\u00e4rder vidtagits p\u00e5 produktionsanl\u00e4ggningarna f\u00f6r att kraftigt minska utsl\u00e4ppen och energif\u00f6rbrukningen. V\u00e5ra fiberdukl och folier tillverkas p\u00e5 ett mycket h\u00e5llbart s\u00e4tt med gr\u00f6n el. Denna el produceras p\u00e5 plats p\u00e5 ett h\u00e5llbart s\u00e4tt. F\u00f6rutom solpaneler anv\u00e4nds \u00e4ven en termoelektrisk generator f\u00f6r att producera el. Den omvandlar v\u00e4rmen som frig\u00f6rs under produktionen till elektricitet. Detta inneb\u00e4r att 80 % av v\u00e5r produktion drivs med f\u00f6rnybar energi. LED-belysning och anv\u00e4ndning av milj\u00f6v\u00e4nligt naturgas minskar v\u00e5rt koldioxidavtryck ytterligare. Vid valet av nya produktionslinjer \u00e4r h\u00e5llbarhet ett av de viktigaste urvalskriterierna. Strukturen och tillverkningsmetoden f\u00f6r v\u00e5ra produkter \u00e4r optimerade s\u00e5 att s\u00e5 lite r\u00e5varor som m\u00f6jligt beh\u00f6vs f\u00f6r tillverkningen. Produktionsavfall samlas in och \u00e5teranv\u00e4nds som r\u00e5vara.<\/p>\n\n\n\n<h3 class=\"gb-headline gb-headline-d5691a1c gb-headline-text\">H\u00e5llbarhet p\u00e5 huvudkontoret<\/h3>\n\n\n\n<p>V\u00e5rt huvudkontor i Waalwijk \u00e4r utrustat med milj\u00f6besparande \u00e5tg\u00e4rder, s\u00e5som h\u00f6gpresterande f\u00f6nster, isolering och LED-belysning. Vi anv\u00e4nder \u00e4ven solenergi p\u00e5 v\u00e5rt huvudkontor. V\u00e5ra utes\u00e4ljare bor i sitt arbetsomr\u00e5de eller s\u00e5 n\u00e4ra som m\u00f6jligt. Vi kompenserar helt f\u00f6r koldioxidutsl\u00e4ppen fr\u00e5n den br\u00e4nsle vi tankar. F\u00f6r varje liter betalar Primaverde ett belopp till ett koldioxidkompensationsprogram. Detta finansierar h\u00e5llbarhetsprojekt i b\u00e5de Sverige och utomlands.<\/p>\n<\/div>\n\n\n\n<div class=\"wp-block-column is-layout-flow wp-block-column-is-layout-flow\">\n<figure class=\"wp-block-image size-large\"><img loading=\"lazy\" decoding=\"async\" width=\"1200\" height=\"798\" src=\"https:\/\/primaverde.com\/wp-content\/uploads\/2021\/12\/PrimaCover6_logo_content_categorie_2-1200x798.jpg\" alt=\"PrimaCover afdekvlies zelfklevend herbruikbaar duurzaam bescherming trap vloer beton\" class=\"wp-image-31229\" srcset=\"https:\/\/primaverde.com\/wp-content\/uploads\/2021\/12\/PrimaCover6_logo_content_categorie_2-1200x798.jpg 1200w, https:\/\/primaverde.com\/wp-content\/uploads\/2021\/12\/PrimaCover6_logo_content_categorie_2-600x399.jpg 600w, https:\/\/primaverde.com\/wp-content\/uploads\/2021\/12\/PrimaCover6_logo_content_categorie_2-300x200.jpg 300w, https:\/\/primaverde.com\/wp-content\/uploads\/2021\/12\/PrimaCover6_logo_content_categorie_2-768x511.jpg 768w, https:\/\/primaverde.com\/wp-content\/uploads\/2021\/12\/PrimaCover6_logo_content_categorie_2-1536x1022.jpg 1536w, https:\/\/primaverde.com\/wp-content\/uploads\/2021\/12\/PrimaCover6_logo_content_categorie_2-2048x1362.jpg 2048w\" sizes=\"auto, (max-width: 1200px) 100vw, 1200px\" \/><\/figure>\n\n\n\n<figure class=\"wp-block-image size-full\"><img loading=\"lazy\" decoding=\"async\" width=\"2560\" height=\"1703\" src=\"https:\/\/primaverde.com\/wp-content\/uploads\/2026\/03\/PV-site-1-1-scaled.png\" alt=\"\" class=\"wp-image-46138\" srcset=\"https:\/\/primaverde.com\/wp-content\/uploads\/2026\/03\/PV-site-1-1-scaled.png 2560w, https:\/\/primaverde.com\/wp-content\/uploads\/2026\/03\/PV-site-1-1-300x200.png 300w, https:\/\/primaverde.com\/wp-content\/uploads\/2026\/03\/PV-site-1-1-1200x798.png 1200w, https:\/\/primaverde.com\/wp-content\/uploads\/2026\/03\/PV-site-1-1-768x511.png 768w, https:\/\/primaverde.com\/wp-content\/uploads\/2026\/03\/PV-site-1-1-1536x1022.png 1536w, https:\/\/primaverde.com\/wp-content\/uploads\/2026\/03\/PV-site-1-1-2048x1362.png 2048w, https:\/\/primaverde.com\/wp-content\/uploads\/2026\/03\/PV-site-1-1-600x399.png 600w\" sizes=\"auto, (max-width: 2560px) 100vw, 2560px\" \/><\/figure>\n\n\n\n<figure class=\"wp-block-image size-full\"><img loading=\"lazy\" decoding=\"async\" width=\"2560\" height=\"1703\" src=\"https:\/\/primaverde.com\/wp-content\/uploads\/2026\/03\/PV-site-2-1-scaled.png\" alt=\"\" class=\"wp-image-46139\" srcset=\"https:\/\/primaverde.com\/wp-content\/uploads\/2026\/03\/PV-site-2-1-scaled.png 2560w, https:\/\/primaverde.com\/wp-content\/uploads\/2026\/03\/PV-site-2-1-300x200.png 300w, https:\/\/primaverde.com\/wp-content\/uploads\/2026\/03\/PV-site-2-1-1200x798.png 1200w, https:\/\/primaverde.com\/wp-content\/uploads\/2026\/03\/PV-site-2-1-768x511.png 768w, https:\/\/primaverde.com\/wp-content\/uploads\/2026\/03\/PV-site-2-1-1536x1022.png 1536w, https:\/\/primaverde.com\/wp-content\/uploads\/2026\/03\/PV-site-2-1-2048x1362.png 2048w, https:\/\/primaverde.com\/wp-content\/uploads\/2026\/03\/PV-site-2-1-600x399.png 600w\" sizes=\"auto, (max-width: 2560px) 100vw, 2560px\" \/><\/figure>\n\n\n\n<figure class=\"wp-block-image size-full is-resized\"><img loading=\"lazy\" decoding=\"async\" width=\"2560\" height=\"1703\" src=\"https:\/\/primaverde.com\/wp-content\/uploads\/2026\/03\/PV-site-3-1-scaled.png\" alt=\"\" class=\"wp-image-46140\" style=\"width:400px;height:299px\" srcset=\"https:\/\/primaverde.com\/wp-content\/uploads\/2026\/03\/PV-site-3-1-scaled.png 2560w, https:\/\/primaverde.com\/wp-content\/uploads\/2026\/03\/PV-site-3-1-300x200.png 300w, https:\/\/primaverde.com\/wp-content\/uploads\/2026\/03\/PV-site-3-1-1200x798.png 1200w, https:\/\/primaverde.com\/wp-content\/uploads\/2026\/03\/PV-site-3-1-768x511.png 768w, https:\/\/primaverde.com\/wp-content\/uploads\/2026\/03\/PV-site-3-1-1536x1022.png 1536w, https:\/\/primaverde.com\/wp-content\/uploads\/2026\/03\/PV-site-3-1-2048x1362.png 2048w, https:\/\/primaverde.com\/wp-content\/uploads\/2026\/03\/PV-site-3-1-600x399.png 600w\" sizes=\"auto, (max-width: 2560px) 100vw, 2560px\" \/><\/figure>\n\n\n\n<p><\/p>\n<\/div>\n<\/div>\n\n\n\n<hr class=\"wp-block-separator has-text-color has-css-opacity has-background\" style=\"background-color:#fc0004;color:#fc0004\"\/>\n\n\n\n<h3 class=\"gb-headline gb-headline-ab0aa5f8 gb-headline-text\">Hur l\u00e4nge kommer h\u00e5llbarhets\u00e5tg\u00e4rder att beh\u00f6vas?<\/h3>\n\n\n\n<p>N\u00e4r har Primaverde vidtagit alla n\u00f6dv\u00e4ndiga h\u00e5llbarhets\u00e5tg\u00e4rder? Vi f\u00f6rv\u00e4ntar oss inte att det kommer en tidpunkt d\u00e5 vi kan luta oss tillbaka och slappna av. Att uppn\u00e5 de globala klimatm\u00e5len \u00e4r trots allt en st\u00e4ndig utmaning. Under p\u00e5verkan av detta utvecklas hela tiden nya tekniker \u00f6ver hela v\u00e4rlden som bidrar till h\u00e5llbarhet. Varje dag tar vi ett steg fram\u00e5t. Primaverde slutar inte investera i och optimera sina produkter och processer efter idag. H\u00e5llbarhet f\u00f6rblir d\u00e4rf\u00f6r en del av v\u00e5r mission och vision. Primaverde forts\u00e4tter att marknadsf\u00f6ra produkter som skyddar byggnader och ytor. Detta minskar behovet av reparationsarbeten och inneb\u00e4r att s\u00e5 f\u00e5 produkter som m\u00f6jligt beh\u00f6ver tas ur naturen. Vi \u00e4r fortsatt uppm\u00e4rksamma p\u00e5 m\u00f6jligheter som gynnar v\u00e5r milj\u00f6 inom alla omr\u00e5den.<\/p>\n\n\n\n<h3 class=\"gb-headline gb-headline-407a8cb9 gb-headline-text\">Har du fr\u00e5gor om h\u00e5llbarhet?<\/h3>\n\n\n\n<p>Har du fr\u00e5gor till Primaverde om h\u00e5llbarhet? Skicka g\u00e4rna ett meddelande till oss. Eller titta p\u00e5 <a href=\"https:\/\/primaverde.com\/sv\/kontakt\/\" type=\"page\" id=\"44740\">kontakt<\/a>sidan.<\/p>\n\n\n\n<hr class=\"wp-block-separator has-text-color has-css-opacity has-background\" style=\"background-color:#fc0004;color:#fc0004\"\/>\n","protected":false},"excerpt":{"rendered":"<p>H\u00e5llbarhet och milj\u00f6 S\u00e5 bidrar Primaverde till en h\u00e4lsosam v\u00e4rld H\u00e5llbarhet Primaverde BV har h\u00e5llbarhet som en fast del av &#8230; <a title=\"H\u00e5llbarhet och milj\u00f6\" class=\"read-more\" href=\"https:\/\/primaverde.com\/sv\/hallbarhet-och-miljo\/\" aria-label=\"L\u00e4s mer om H\u00e5llbarhet och milj\u00f6\">Lees verder&#8230;<\/a><\/p>\n","protected":false},"author":140,"featured_media":0,"parent":0,"menu_order":10,"comment_status":"open","ping_status":"closed","template":"","meta":{"generate_page_header":"","footnotes":""},"class_list":{"0":"post-45017","1":"page","2":"type-page","3":"status-publish","5":"infinite-scroll-item"},"yoast_head":"<!-- This site is optimized with the Yoast SEO Premium plugin v26.8 (Yoast SEO v27.4) - https:\/\/yoast.com\/product\/yoast-seo-premium-wordpress\/ -->\n<title>H\u00e5llbarhet, milj\u00f6, skydd, \u00e5tervinning, Primaverde<\/title>\n<meta name=\"description\" content=\"Primaverde vill bidra till en h\u00e5llbar utveckling f\u00f6r v\u00e4rlden, milj\u00f6n och m\u00e4nniskors v\u00e4lbefinnande. H\u00e5llbarhet (sustainability). \u00c5tervinning.\" \/>\n<meta name=\"robots\" content=\"index, follow, max-snippet:-1, max-image-preview:large, max-video-preview:-1\" \/>\n<link rel=\"canonical\" href=\"https:\/\/primaverde.com\/sv\/hallbarhet-och-miljo\/\" \/>\n<meta property=\"og:locale\" content=\"sv_SE\" \/>\n<meta property=\"og:type\" content=\"article\" \/>\n<meta property=\"og:title\" content=\"H\u00e5llbarhet och milj\u00f6\" \/>\n<meta property=\"og:description\" content=\"Primaverde vill bidra till en h\u00e5llbar utveckling f\u00f6r v\u00e4rlden, milj\u00f6n och m\u00e4nniskors v\u00e4lbefinnande. H\u00e5llbarhet (sustainability). \u00c5tervinning.\" \/>\n<meta property=\"og:url\" content=\"https:\/\/primaverde.com\/sv\/hallbarhet-och-miljo\/\" \/>\n<meta property=\"og:site_name\" content=\"Primaverde\" \/>\n<meta property=\"article:publisher\" content=\"https:\/\/www.facebook.com\/PrimaverdeBV\/\" \/>\n<meta property=\"article:modified_time\" content=\"2026-03-17T11:24:44+00:00\" \/>\n<meta property=\"og:image\" content=\"https:\/\/primaverde.com\/wp-content\/uploads\/2021\/12\/herbruikbaar_PrimaCover_Standard_duurzaam_bescherming_afdekvlies_gerecycled.jpg\" \/>\n\t<meta property=\"og:image:width\" content=\"400\" \/>\n\t<meta property=\"og:image:height\" content=\"138\" \/>\n\t<meta property=\"og:image:type\" content=\"image\/jpeg\" \/>\n<meta name=\"twitter:card\" content=\"summary_large_image\" \/>\n<meta name=\"twitter:site\" content=\"@PrimaverdeBV\" \/>\n<meta name=\"twitter:label1\" content=\"Ber\u00e4knad l\u00e4stid\" \/>\n\t<meta name=\"twitter:data1\" content=\"5 minuter\" \/>\n<script type=\"application\/ld+json\" class=\"yoast-schema-graph\">{\"@context\":\"https:\\\/\\\/schema.org\",\"@graph\":[{\"@type\":\"WebPage\",\"@id\":\"https:\\\/\\\/primaverde.com\\\/sv\\\/hallbarhet-och-miljo\\\/\",\"url\":\"https:\\\/\\\/primaverde.com\\\/sv\\\/hallbarhet-och-miljo\\\/\",\"name\":\"H\u00e5llbarhet, milj\u00f6, skydd, \u00e5tervinning, Primaverde\",\"isPartOf\":{\"@id\":\"https:\\\/\\\/primaverde.com\\\/sv\\\/#website\"},\"primaryImageOfPage\":{\"@id\":\"https:\\\/\\\/primaverde.com\\\/sv\\\/hallbarhet-och-miljo\\\/#primaryimage\"},\"image\":{\"@id\":\"https:\\\/\\\/primaverde.com\\\/sv\\\/hallbarhet-och-miljo\\\/#primaryimage\"},\"thumbnailUrl\":\"https:\\\/\\\/primaverde.com\\\/wp-content\\\/uploads\\\/2021\\\/12\\\/herbruikbaar_PrimaCover_Standard_duurzaam_bescherming_afdekvlies_gerecycled.jpg\",\"datePublished\":\"2025-08-05T10:00:12+00:00\",\"dateModified\":\"2026-03-17T11:24:44+00:00\",\"description\":\"Primaverde vill bidra till en h\u00e5llbar utveckling f\u00f6r v\u00e4rlden, milj\u00f6n och m\u00e4nniskors v\u00e4lbefinnande. H\u00e5llbarhet (sustainability). \u00c5tervinning.\",\"breadcrumb\":{\"@id\":\"https:\\\/\\\/primaverde.com\\\/sv\\\/hallbarhet-och-miljo\\\/#breadcrumb\"},\"inLanguage\":\"sv-SE\",\"potentialAction\":[{\"@type\":\"ReadAction\",\"target\":[\"https:\\\/\\\/primaverde.com\\\/sv\\\/hallbarhet-och-miljo\\\/\"]}]},{\"@type\":\"ImageObject\",\"inLanguage\":\"sv-SE\",\"@id\":\"https:\\\/\\\/primaverde.com\\\/sv\\\/hallbarhet-och-miljo\\\/#primaryimage\",\"url\":\"https:\\\/\\\/primaverde.com\\\/wp-content\\\/uploads\\\/2021\\\/12\\\/herbruikbaar_PrimaCover_Standard_duurzaam_bescherming_afdekvlies_gerecycled.jpg\",\"contentUrl\":\"https:\\\/\\\/primaverde.com\\\/wp-content\\\/uploads\\\/2021\\\/12\\\/herbruikbaar_PrimaCover_Standard_duurzaam_bescherming_afdekvlies_gerecycled.jpg\"},{\"@type\":\"BreadcrumbList\",\"@id\":\"https:\\\/\\\/primaverde.com\\\/sv\\\/hallbarhet-och-miljo\\\/#breadcrumb\",\"itemListElement\":[{\"@type\":\"ListItem\",\"position\":1,\"name\":\"Home\",\"item\":\"https:\\\/\\\/primaverde.com\\\/sv\\\/\"},{\"@type\":\"ListItem\",\"position\":2,\"name\":\"H\u00e5llbarhet och milj\u00f6\"}]},{\"@type\":\"WebSite\",\"@id\":\"https:\\\/\\\/primaverde.com\\\/sv\\\/#website\",\"url\":\"https:\\\/\\\/primaverde.com\\\/sv\\\/\",\"name\":\"Primaverde\",\"description\":\"Covering material, protection, tapes, Beschermende materialen\",\"publisher\":{\"@id\":\"https:\\\/\\\/primaverde.com\\\/sv\\\/#organization\"},\"potentialAction\":[{\"@type\":\"SearchAction\",\"target\":{\"@type\":\"EntryPoint\",\"urlTemplate\":\"https:\\\/\\\/primaverde.com\\\/sv\\\/?s={search_term_string}\"},\"query-input\":{\"@type\":\"PropertyValueSpecification\",\"valueRequired\":true,\"valueName\":\"search_term_string\"}}],\"inLanguage\":\"sv-SE\"},{\"@type\":\"Organization\",\"@id\":\"https:\\\/\\\/primaverde.com\\\/sv\\\/#organization\",\"name\":\"Primaverde B.V.\",\"url\":\"https:\\\/\\\/primaverde.com\\\/sv\\\/\",\"logo\":{\"@type\":\"ImageObject\",\"inLanguage\":\"sv-SE\",\"@id\":\"https:\\\/\\\/primaverde.com\\\/sv\\\/#\\\/schema\\\/logo\\\/image\\\/\",\"url\":\"https:\\\/\\\/primaverde.com\\\/wp-content\\\/uploads\\\/2015\\\/03\\\/Logo_Primaverde.jpg\",\"contentUrl\":\"https:\\\/\\\/primaverde.com\\\/wp-content\\\/uploads\\\/2015\\\/03\\\/Logo_Primaverde.jpg\",\"width\":1170,\"height\":212,\"caption\":\"Primaverde B.V.\"},\"image\":{\"@id\":\"https:\\\/\\\/primaverde.com\\\/sv\\\/#\\\/schema\\\/logo\\\/image\\\/\"},\"sameAs\":[\"https:\\\/\\\/www.facebook.com\\\/PrimaverdeBV\\\/\",\"https:\\\/\\\/x.com\\\/PrimaverdeBV\",\"https:\\\/\\\/nl.linkedin.com\\\/company\\\/primaverde\",\"http:\\\/\\\/www.youtube.com\\\/channel\\\/UC3DwQqj8f8tatLdSFA0aWwA\"]}]}<\/script>\n<!-- \/ Yoast SEO Premium plugin. -->","yoast_head_json":{"title":"H\u00e5llbarhet, milj\u00f6, skydd, \u00e5tervinning, Primaverde","description":"Primaverde vill bidra till en h\u00e5llbar utveckling f\u00f6r v\u00e4rlden, milj\u00f6n och m\u00e4nniskors v\u00e4lbefinnande. H\u00e5llbarhet (sustainability). \u00c5tervinning.","robots":{"index":"index","follow":"follow","max-snippet":"max-snippet:-1","max-image-preview":"max-image-preview:large","max-video-preview":"max-video-preview:-1"},"canonical":"https:\/\/primaverde.com\/sv\/hallbarhet-och-miljo\/","og_locale":"sv_SE","og_type":"article","og_title":"H\u00e5llbarhet och milj\u00f6","og_description":"Primaverde vill bidra till en h\u00e5llbar utveckling f\u00f6r v\u00e4rlden, milj\u00f6n och m\u00e4nniskors v\u00e4lbefinnande. H\u00e5llbarhet (sustainability). \u00c5tervinning.","og_url":"https:\/\/primaverde.com\/sv\/hallbarhet-och-miljo\/","og_site_name":"Primaverde","article_publisher":"https:\/\/www.facebook.com\/PrimaverdeBV\/","article_modified_time":"2026-03-17T11:24:44+00:00","og_image":[{"width":400,"height":138,"url":"https:\/\/primaverde.com\/wp-content\/uploads\/2021\/12\/herbruikbaar_PrimaCover_Standard_duurzaam_bescherming_afdekvlies_gerecycled.jpg","type":"image\/jpeg"}],"twitter_card":"summary_large_image","twitter_site":"@PrimaverdeBV","twitter_misc":{"Ber\u00e4knad l\u00e4stid":"5 minuter"},"schema":{"@context":"https:\/\/schema.org","@graph":[{"@type":"WebPage","@id":"https:\/\/primaverde.com\/sv\/hallbarhet-och-miljo\/","url":"https:\/\/primaverde.com\/sv\/hallbarhet-och-miljo\/","name":"H\u00e5llbarhet, milj\u00f6, skydd, \u00e5tervinning, Primaverde","isPartOf":{"@id":"https:\/\/primaverde.com\/sv\/#website"},"primaryImageOfPage":{"@id":"https:\/\/primaverde.com\/sv\/hallbarhet-och-miljo\/#primaryimage"},"image":{"@id":"https:\/\/primaverde.com\/sv\/hallbarhet-och-miljo\/#primaryimage"},"thumbnailUrl":"https:\/\/primaverde.com\/wp-content\/uploads\/2021\/12\/herbruikbaar_PrimaCover_Standard_duurzaam_bescherming_afdekvlies_gerecycled.jpg","datePublished":"2025-08-05T10:00:12+00:00","dateModified":"2026-03-17T11:24:44+00:00","description":"Primaverde vill bidra till en h\u00e5llbar utveckling f\u00f6r v\u00e4rlden, milj\u00f6n och m\u00e4nniskors v\u00e4lbefinnande. H\u00e5llbarhet (sustainability). \u00c5tervinning.","breadcrumb":{"@id":"https:\/\/primaverde.com\/sv\/hallbarhet-och-miljo\/#breadcrumb"},"inLanguage":"sv-SE","potentialAction":[{"@type":"ReadAction","target":["https:\/\/primaverde.com\/sv\/hallbarhet-och-miljo\/"]}]},{"@type":"ImageObject","inLanguage":"sv-SE","@id":"https:\/\/primaverde.com\/sv\/hallbarhet-och-miljo\/#primaryimage","url":"https:\/\/primaverde.com\/wp-content\/uploads\/2021\/12\/herbruikbaar_PrimaCover_Standard_duurzaam_bescherming_afdekvlies_gerecycled.jpg","contentUrl":"https:\/\/primaverde.com\/wp-content\/uploads\/2021\/12\/herbruikbaar_PrimaCover_Standard_duurzaam_bescherming_afdekvlies_gerecycled.jpg"},{"@type":"BreadcrumbList","@id":"https:\/\/primaverde.com\/sv\/hallbarhet-och-miljo\/#breadcrumb","itemListElement":[{"@type":"ListItem","position":1,"name":"Home","item":"https:\/\/primaverde.com\/sv\/"},{"@type":"ListItem","position":2,"name":"H\u00e5llbarhet och milj\u00f6"}]},{"@type":"WebSite","@id":"https:\/\/primaverde.com\/sv\/#website","url":"https:\/\/primaverde.com\/sv\/","name":"Primaverde","description":"Covering material, protection, tapes, Beschermende materialen","publisher":{"@id":"https:\/\/primaverde.com\/sv\/#organization"},"potentialAction":[{"@type":"SearchAction","target":{"@type":"EntryPoint","urlTemplate":"https:\/\/primaverde.com\/sv\/?s={search_term_string}"},"query-input":{"@type":"PropertyValueSpecification","valueRequired":true,"valueName":"search_term_string"}}],"inLanguage":"sv-SE"},{"@type":"Organization","@id":"https:\/\/primaverde.com\/sv\/#organization","name":"Primaverde B.V.","url":"https:\/\/primaverde.com\/sv\/","logo":{"@type":"ImageObject","inLanguage":"sv-SE","@id":"https:\/\/primaverde.com\/sv\/#\/schema\/logo\/image\/","url":"https:\/\/primaverde.com\/wp-content\/uploads\/2015\/03\/Logo_Primaverde.jpg","contentUrl":"https:\/\/primaverde.com\/wp-content\/uploads\/2015\/03\/Logo_Primaverde.jpg","width":1170,"height":212,"caption":"Primaverde B.V."},"image":{"@id":"https:\/\/primaverde.com\/sv\/#\/schema\/logo\/image\/"},"sameAs":["https:\/\/www.facebook.com\/PrimaverdeBV\/","https:\/\/x.com\/PrimaverdeBV","https:\/\/nl.linkedin.com\/company\/primaverde","http:\/\/www.youtube.com\/channel\/UC3DwQqj8f8tatLdSFA0aWwA"]}]}},"_links":{"self":[{"href":"https:\/\/primaverde.com\/sv\/wp-json\/wp\/v2\/pages\/45017","targetHints":{"allow":["GET"]}}],"collection":[{"href":"https:\/\/primaverde.com\/sv\/wp-json\/wp\/v2\/pages"}],"about":[{"href":"https:\/\/primaverde.com\/sv\/wp-json\/wp\/v2\/types\/page"}],"author":[{"embeddable":true,"href":"https:\/\/primaverde.com\/sv\/wp-json\/wp\/v2\/users\/140"}],"replies":[{"embeddable":true,"href":"https:\/\/primaverde.com\/sv\/wp-json\/wp\/v2\/comments?post=45017"}],"version-history":[{"count":12,"href":"https:\/\/primaverde.com\/sv\/wp-json\/wp\/v2\/pages\/45017\/revisions"}],"predecessor-version":[{"id":46151,"href":"https:\/\/primaverde.com\/sv\/wp-json\/wp\/v2\/pages\/45017\/revisions\/46151"}],"wp:attachment":[{"href":"https:\/\/primaverde.com\/sv\/wp-json\/wp\/v2\/media?parent=45017"}],"curies":[{"name":"wp","href":"https:\/\/api.w.org\/{rel}","templated":true}]}}