{"id":46362,"date":"2019-06-14T15:11:49","date_gmt":"2019-06-14T14:11:49","guid":{"rendered":"https:\/\/primaverde.com\/generelt-vilkar-og-betingelser-for-salg-og-levering\/"},"modified":"2026-04-21T12:35:29","modified_gmt":"2026-04-21T11:35:29","slug":"generelt-vilkar-og-betingelser-for-salg-og-levering","status":"publish","type":"page","link":"https:\/\/primaverde.com\/sv\/generelt-vilkar-og-betingelser-for-salg-og-levering\/","title":{"rendered":"Allm\u00e4nna villkor f\u00f6r f\u00f6rs\u00e4ljning och leverans"},"content":{"rendered":"\n<h1 class=\"wp-block-heading has-text-align-center\" id=\"h-allmanna-villkor\">Allm\u00e4nna villkor<\/h1>\n\n\n\n<h2 class=\"wp-block-heading has-text-align-center\" id=\"h-fran-primaverde-b-v\">Fr\u00e5n Primaverde B.V.<\/h2>\n\n\n\n<div class=\"wp-block-columns has-3-columns is-layout-flex wp-container-core-columns-is-layout-9d6595d7 wp-block-columns-is-layout-flex\">\n<div class=\"wp-block-column is-layout-flow wp-block-column-is-layout-flow\">\n<p>Leveransvillkoren, som har registrerats hos handelskammaren i Eindhoven, g\u00e4ller f\u00f6r alla v\u00e5ra transaktioner.<\/p>\n\n\n\n<p><a aria-label=\" (opent in een nieuwe tab)\" href=\"https:\/\/primaverde.com\/wp-content\/uploads\/2019\/08\/Algemene-voorwaarden-Primaverde-_EN_05-2019.pdf\" target=\"_blank\" rel=\"noreferrer noopener\"><a href=\"https:\/\/primaverde.com\/wp-content\/uploads\/2019\/08\/Algemene-voorwaarden-Primaverde-_EN_05-2019.pdf\">Klicka h\u00e4r f\u00f6r villkoren.<\/a><\/a><\/p>\n<\/div>\n\n\n\n<div class=\"wp-block-column is-layout-flow wp-block-column-is-layout-flow\">\n<p>Om du har fr\u00e5gor om v\u00e5ra leveranser och v\u00e5ra produkter \u00e4r du v\u00e4lkommen att h\u00f6ra av dig! Vi hj\u00e4lper dig g\u00e4rna vidare.<\/p>\n\n\n\n<p><a href=\"https:\/\/primaverde.com\/sv\/kontakt\/\" type=\"page\" id=\"44740\">Klicka h\u00e4r f\u00f6r v\u00e5ra kontaktuppgifter.<\/a><\/p>\n<\/div>\n\n\n\n<div class=\"wp-block-column is-layout-flow wp-block-column-is-layout-flow\">\n<figure class=\"wp-block-image\"><img loading=\"lazy\" decoding=\"async\" width=\"600\" height=\"399\" src=\"https:\/\/primaverde.com\/wp-content\/uploads\/2015\/03\/Primaverde12_content_expeditie1.jpg\" alt=\"Primaverde12_content_expeditie\" class=\"wp-image-26185\" srcset=\"https:\/\/primaverde.com\/wp-content\/uploads\/2015\/03\/Primaverde12_content_expeditie1.jpg 600w, https:\/\/primaverde.com\/wp-content\/uploads\/2015\/03\/Primaverde12_content_expeditie1-300x200.jpg 300w, https:\/\/primaverde.com\/wp-content\/uploads\/2015\/03\/Primaverde12_content_expeditie1-272x182.jpg 272w\" sizes=\"auto, (max-width: 600px) 100vw, 600px\" \/><\/figure>\n<\/div>\n<\/div>\n","protected":false},"excerpt":{"rendered":"<p>Allm\u00e4nna villkor Fr\u00e5n Primaverde B.V. Leveransvillkoren, som har registrerats hos handelskammaren i Eindhoven, g\u00e4ller f\u00f6r alla v\u00e5ra transaktioner. Klicka h\u00e4r &#8230; <a title=\"Allm\u00e4nna villkor f\u00f6r f\u00f6rs\u00e4ljning och leverans\" class=\"read-more\" href=\"https:\/\/primaverde.com\/sv\/generelt-vilkar-og-betingelser-for-salg-og-levering\/\" aria-label=\"L\u00e4s mer om Allm\u00e4nna villkor f\u00f6r f\u00f6rs\u00e4ljning och leverans\">Lees verder&#8230;<\/a><\/p>\n","protected":false},"author":7,"featured_media":0,"parent":0,"menu_order":1000,"comment_status":"closed","ping_status":"closed","template":"","meta":{"generate_page_header":"","footnotes":""},"class_list":{"0":"post-46362","1":"page","2":"type-page","3":"status-publish","5":"infinite-scroll-item"},"yoast_head":"<!-- This site is optimized with the Yoast SEO Premium plugin v26.8 (Yoast SEO v27.5) - https:\/\/yoast.com\/product\/yoast-seo-premium-wordpress\/ -->\n<title>Allm\u00e4nna villkor f\u00f6r f\u00f6rs\u00e4ljning och leverans - Primaverde<\/title>\n<meta name=\"robots\" content=\"index, follow, max-snippet:-1, max-image-preview:large, max-video-preview:-1\" \/>\n<link rel=\"canonical\" href=\"https:\/\/primaverde.com\/sv\/generelt-vilkar-og-betingelser-for-salg-og-levering\/\" \/>\n<meta property=\"og:locale\" content=\"sv_SE\" \/>\n<meta property=\"og:type\" content=\"article\" \/>\n<meta property=\"og:title\" content=\"Allm\u00e4nna villkor f\u00f6r f\u00f6rs\u00e4ljning och leverans\" \/>\n<meta property=\"og:description\" content=\"Allm\u00e4nna villkor Fr\u00e5n Primaverde B.V. Leveransvillkoren, som har registrerats hos handelskammaren i Eindhoven, g\u00e4ller f\u00f6r alla v\u00e5ra transaktioner. Klicka h\u00e4r ... Lees verder...\" \/>\n<meta property=\"og:url\" content=\"https:\/\/primaverde.com\/sv\/generelt-vilkar-og-betingelser-for-salg-og-levering\/\" \/>\n<meta property=\"og:site_name\" content=\"Primaverde\" \/>\n<meta property=\"article:publisher\" content=\"https:\/\/www.facebook.com\/PrimaverdeBV\/\" \/>\n<meta property=\"article:modified_time\" content=\"2026-04-21T11:35:29+00:00\" \/>\n<meta property=\"og:image\" content=\"https:\/\/primaverde.com\/wp-content\/uploads\/2015\/03\/Primaverde12_content_expeditie1.jpg\" \/>\n\t<meta property=\"og:image:width\" content=\"600\" \/>\n\t<meta property=\"og:image:height\" content=\"399\" \/>\n\t<meta property=\"og:image:type\" content=\"image\/jpeg\" \/>\n<meta name=\"twitter:card\" content=\"summary_large_image\" \/>\n<meta name=\"twitter:site\" content=\"@PrimaverdeBV\" \/>\n<meta name=\"twitter:label1\" content=\"Ber\u00e4knad l\u00e4stid\" \/>\n\t<meta name=\"twitter:data1\" content=\"1 minut\" \/>\n<script type=\"application\/ld+json\" class=\"yoast-schema-graph\">{\"@context\":\"https:\\\/\\\/schema.org\",\"@graph\":[{\"@type\":\"WebPage\",\"@id\":\"https:\\\/\\\/primaverde.com\\\/sv\\\/generelt-vilkar-og-betingelser-for-salg-og-levering\\\/\",\"url\":\"https:\\\/\\\/primaverde.com\\\/sv\\\/generelt-vilkar-og-betingelser-for-salg-og-levering\\\/\",\"name\":\"Allm\u00e4nna villkor f\u00f6r f\u00f6rs\u00e4ljning och leverans - Primaverde\",\"isPartOf\":{\"@id\":\"https:\\\/\\\/primaverde.com\\\/sv\\\/#website\"},\"primaryImageOfPage\":{\"@id\":\"https:\\\/\\\/primaverde.com\\\/sv\\\/generelt-vilkar-og-betingelser-for-salg-og-levering\\\/#primaryimage\"},\"image\":{\"@id\":\"https:\\\/\\\/primaverde.com\\\/sv\\\/generelt-vilkar-og-betingelser-for-salg-og-levering\\\/#primaryimage\"},\"thumbnailUrl\":\"https:\\\/\\\/primaverde.com\\\/wp-content\\\/uploads\\\/2015\\\/03\\\/Primaverde12_content_expeditie1.jpg\",\"datePublished\":\"2019-06-14T14:11:49+00:00\",\"dateModified\":\"2026-04-21T11:35:29+00:00\",\"breadcrumb\":{\"@id\":\"https:\\\/\\\/primaverde.com\\\/sv\\\/generelt-vilkar-og-betingelser-for-salg-og-levering\\\/#breadcrumb\"},\"inLanguage\":\"sv-SE\",\"potentialAction\":[{\"@type\":\"ReadAction\",\"target\":[\"https:\\\/\\\/primaverde.com\\\/sv\\\/generelt-vilkar-og-betingelser-for-salg-og-levering\\\/\"]}]},{\"@type\":\"ImageObject\",\"inLanguage\":\"sv-SE\",\"@id\":\"https:\\\/\\\/primaverde.com\\\/sv\\\/generelt-vilkar-og-betingelser-for-salg-og-levering\\\/#primaryimage\",\"url\":\"https:\\\/\\\/primaverde.com\\\/wp-content\\\/uploads\\\/2015\\\/03\\\/Primaverde12_content_expeditie1.jpg\",\"contentUrl\":\"https:\\\/\\\/primaverde.com\\\/wp-content\\\/uploads\\\/2015\\\/03\\\/Primaverde12_content_expeditie1.jpg\"},{\"@type\":\"BreadcrumbList\",\"@id\":\"https:\\\/\\\/primaverde.com\\\/sv\\\/generelt-vilkar-og-betingelser-for-salg-og-levering\\\/#breadcrumb\",\"itemListElement\":[{\"@type\":\"ListItem\",\"position\":1,\"name\":\"Home\",\"item\":\"https:\\\/\\\/primaverde.com\\\/sv\\\/\"},{\"@type\":\"ListItem\",\"position\":2,\"name\":\"Allm\u00e4nna villkor f\u00f6r f\u00f6rs\u00e4ljning och leverans\"}]},{\"@type\":\"WebSite\",\"@id\":\"https:\\\/\\\/primaverde.com\\\/sv\\\/#website\",\"url\":\"https:\\\/\\\/primaverde.com\\\/sv\\\/\",\"name\":\"Primaverde\",\"description\":\"Covering material, protection, tapes, Beschermende materialen\",\"publisher\":{\"@id\":\"https:\\\/\\\/primaverde.com\\\/sv\\\/#organization\"},\"potentialAction\":[{\"@type\":\"SearchAction\",\"target\":{\"@type\":\"EntryPoint\",\"urlTemplate\":\"https:\\\/\\\/primaverde.com\\\/sv\\\/?s={search_term_string}\"},\"query-input\":{\"@type\":\"PropertyValueSpecification\",\"valueRequired\":true,\"valueName\":\"search_term_string\"}}],\"inLanguage\":\"sv-SE\"},{\"@type\":\"Organization\",\"@id\":\"https:\\\/\\\/primaverde.com\\\/sv\\\/#organization\",\"name\":\"Primaverde B.V.\",\"url\":\"https:\\\/\\\/primaverde.com\\\/sv\\\/\",\"logo\":{\"@type\":\"ImageObject\",\"inLanguage\":\"sv-SE\",\"@id\":\"https:\\\/\\\/primaverde.com\\\/sv\\\/#\\\/schema\\\/logo\\\/image\\\/\",\"url\":\"https:\\\/\\\/primaverde.com\\\/wp-content\\\/uploads\\\/2015\\\/03\\\/Logo_Primaverde.jpg\",\"contentUrl\":\"https:\\\/\\\/primaverde.com\\\/wp-content\\\/uploads\\\/2015\\\/03\\\/Logo_Primaverde.jpg\",\"width\":1170,\"height\":212,\"caption\":\"Primaverde B.V.\"},\"image\":{\"@id\":\"https:\\\/\\\/primaverde.com\\\/sv\\\/#\\\/schema\\\/logo\\\/image\\\/\"},\"sameAs\":[\"https:\\\/\\\/www.facebook.com\\\/PrimaverdeBV\\\/\",\"https:\\\/\\\/x.com\\\/PrimaverdeBV\",\"https:\\\/\\\/nl.linkedin.com\\\/company\\\/primaverde\",\"http:\\\/\\\/www.youtube.com\\\/channel\\\/UC3DwQqj8f8tatLdSFA0aWwA\"]}]}<\/script>\n<!-- \/ Yoast SEO Premium plugin. -->","yoast_head_json":{"title":"Allm\u00e4nna villkor f\u00f6r f\u00f6rs\u00e4ljning och leverans - Primaverde","robots":{"index":"index","follow":"follow","max-snippet":"max-snippet:-1","max-image-preview":"max-image-preview:large","max-video-preview":"max-video-preview:-1"},"canonical":"https:\/\/primaverde.com\/sv\/generelt-vilkar-og-betingelser-for-salg-og-levering\/","og_locale":"sv_SE","og_type":"article","og_title":"Allm\u00e4nna villkor f\u00f6r f\u00f6rs\u00e4ljning och leverans","og_description":"Allm\u00e4nna villkor Fr\u00e5n Primaverde B.V. Leveransvillkoren, som har registrerats hos handelskammaren i Eindhoven, g\u00e4ller f\u00f6r alla v\u00e5ra transaktioner. Klicka h\u00e4r ... Lees verder...","og_url":"https:\/\/primaverde.com\/sv\/generelt-vilkar-og-betingelser-for-salg-og-levering\/","og_site_name":"Primaverde","article_publisher":"https:\/\/www.facebook.com\/PrimaverdeBV\/","article_modified_time":"2026-04-21T11:35:29+00:00","og_image":[{"width":600,"height":399,"url":"https:\/\/primaverde.com\/wp-content\/uploads\/2015\/03\/Primaverde12_content_expeditie1.jpg","type":"image\/jpeg"}],"twitter_card":"summary_large_image","twitter_site":"@PrimaverdeBV","twitter_misc":{"Ber\u00e4knad l\u00e4stid":"1 minut"},"schema":{"@context":"https:\/\/schema.org","@graph":[{"@type":"WebPage","@id":"https:\/\/primaverde.com\/sv\/generelt-vilkar-og-betingelser-for-salg-og-levering\/","url":"https:\/\/primaverde.com\/sv\/generelt-vilkar-og-betingelser-for-salg-og-levering\/","name":"Allm\u00e4nna villkor f\u00f6r f\u00f6rs\u00e4ljning och leverans - Primaverde","isPartOf":{"@id":"https:\/\/primaverde.com\/sv\/#website"},"primaryImageOfPage":{"@id":"https:\/\/primaverde.com\/sv\/generelt-vilkar-og-betingelser-for-salg-og-levering\/#primaryimage"},"image":{"@id":"https:\/\/primaverde.com\/sv\/generelt-vilkar-og-betingelser-for-salg-og-levering\/#primaryimage"},"thumbnailUrl":"https:\/\/primaverde.com\/wp-content\/uploads\/2015\/03\/Primaverde12_content_expeditie1.jpg","datePublished":"2019-06-14T14:11:49+00:00","dateModified":"2026-04-21T11:35:29+00:00","breadcrumb":{"@id":"https:\/\/primaverde.com\/sv\/generelt-vilkar-og-betingelser-for-salg-og-levering\/#breadcrumb"},"inLanguage":"sv-SE","potentialAction":[{"@type":"ReadAction","target":["https:\/\/primaverde.com\/sv\/generelt-vilkar-og-betingelser-for-salg-og-levering\/"]}]},{"@type":"ImageObject","inLanguage":"sv-SE","@id":"https:\/\/primaverde.com\/sv\/generelt-vilkar-og-betingelser-for-salg-og-levering\/#primaryimage","url":"https:\/\/primaverde.com\/wp-content\/uploads\/2015\/03\/Primaverde12_content_expeditie1.jpg","contentUrl":"https:\/\/primaverde.com\/wp-content\/uploads\/2015\/03\/Primaverde12_content_expeditie1.jpg"},{"@type":"BreadcrumbList","@id":"https:\/\/primaverde.com\/sv\/generelt-vilkar-og-betingelser-for-salg-og-levering\/#breadcrumb","itemListElement":[{"@type":"ListItem","position":1,"name":"Home","item":"https:\/\/primaverde.com\/sv\/"},{"@type":"ListItem","position":2,"name":"Allm\u00e4nna villkor f\u00f6r f\u00f6rs\u00e4ljning och leverans"}]},{"@type":"WebSite","@id":"https:\/\/primaverde.com\/sv\/#website","url":"https:\/\/primaverde.com\/sv\/","name":"Primaverde","description":"Covering material, protection, tapes, Beschermende materialen","publisher":{"@id":"https:\/\/primaverde.com\/sv\/#organization"},"potentialAction":[{"@type":"SearchAction","target":{"@type":"EntryPoint","urlTemplate":"https:\/\/primaverde.com\/sv\/?s={search_term_string}"},"query-input":{"@type":"PropertyValueSpecification","valueRequired":true,"valueName":"search_term_string"}}],"inLanguage":"sv-SE"},{"@type":"Organization","@id":"https:\/\/primaverde.com\/sv\/#organization","name":"Primaverde B.V.","url":"https:\/\/primaverde.com\/sv\/","logo":{"@type":"ImageObject","inLanguage":"sv-SE","@id":"https:\/\/primaverde.com\/sv\/#\/schema\/logo\/image\/","url":"https:\/\/primaverde.com\/wp-content\/uploads\/2015\/03\/Logo_Primaverde.jpg","contentUrl":"https:\/\/primaverde.com\/wp-content\/uploads\/2015\/03\/Logo_Primaverde.jpg","width":1170,"height":212,"caption":"Primaverde B.V."},"image":{"@id":"https:\/\/primaverde.com\/sv\/#\/schema\/logo\/image\/"},"sameAs":["https:\/\/www.facebook.com\/PrimaverdeBV\/","https:\/\/x.com\/PrimaverdeBV","https:\/\/nl.linkedin.com\/company\/primaverde","http:\/\/www.youtube.com\/channel\/UC3DwQqj8f8tatLdSFA0aWwA"]}]}},"_links":{"self":[{"href":"https:\/\/primaverde.com\/sv\/wp-json\/wp\/v2\/pages\/46362","targetHints":{"allow":["GET"]}}],"collection":[{"href":"https:\/\/primaverde.com\/sv\/wp-json\/wp\/v2\/pages"}],"about":[{"href":"https:\/\/primaverde.com\/sv\/wp-json\/wp\/v2\/types\/page"}],"author":[{"embeddable":true,"href":"https:\/\/primaverde.com\/sv\/wp-json\/wp\/v2\/users\/7"}],"replies":[{"embeddable":true,"href":"https:\/\/primaverde.com\/sv\/wp-json\/wp\/v2\/comments?post=46362"}],"version-history":[{"count":1,"href":"https:\/\/primaverde.com\/sv\/wp-json\/wp\/v2\/pages\/46362\/revisions"}],"predecessor-version":[{"id":46365,"href":"https:\/\/primaverde.com\/sv\/wp-json\/wp\/v2\/pages\/46362\/revisions\/46365"}],"wp:attachment":[{"href":"https:\/\/primaverde.com\/sv\/wp-json\/wp\/v2\/media?parent=46362"}],"curies":[{"name":"wp","href":"https:\/\/api.w.org\/{rel}","templated":true}]}}