{"id":45530,"date":"2024-07-03T15:53:07","date_gmt":"2024-07-03T14:53:07","guid":{"rendered":"https:\/\/primaverde.com\/product\/ram-board-golvskydd\/"},"modified":"2026-04-15T14:40:20","modified_gmt":"2026-04-15T13:40:20","slug":"ram-board-floor-protection","status":"publish","type":"product","link":"https:\/\/primaverde.com\/sv\/produkt\/ram-board-floor-protection\/","title":{"rendered":"Ram Board Floor Protection"},"content":{"rendered":"<h2>Det h\u00e5llbara golvskyddet f\u00f6r byggarbetsplatsen<\/h2>\n<p>Ram Board Floor Protection f\u00f6r byggarbetsplatsen. Extra starkt, extra h\u00e5llbart. Skyddar mot de tuffaste f\u00f6rh\u00e5llandena. Passar alla golv, \u00e4ven nya. Ram Board \u00e4r andningsbart, s\u00e5 \u00e4ven om golvet \u00e4r skyddat kan underlaget forts\u00e4tta att torka.<\/p>\n<p><strong>Egenskaper:<\/strong><\/p>\n<ul>\n<li>Extra robust, extra l\u00e5ng livsl\u00e4ngd<\/li>\n<li>Tillverkad av \u00e5tervunnen kartong<\/li>\n<li>L\u00e4tt att l\u00e4gga ut<\/li>\n<li>Wall Guard \u2013 unika viklinjer f\u00f6r v\u00e4ggskydd<\/li>\n<li>Vapor Cure \u2013 andas, d\u00e4rf\u00f6r \u00e4ven l\u00e4mplig f\u00f6r nya golv<\/li>\n<li>Flex-Fiber \u2013 fiberf\u00f6rst\u00e4rkt struktur<\/li>\n<li>Spill-Guard \u2013 v\u00e4tsket\u00e4tt skydd<\/li>\n<li>\u00c5tervunnen \/ \u00c5tervinningsbar<\/li>\n<li>FSC-certifierad<\/li>\n<\/ul>\n","protected":false},"excerpt":{"rendered":"<h2>Det h\u00e5llbara golvskyddet f\u00f6r byggarbetsplatsen<\/h2>\n<p>Ram Board Floor Protection f\u00f6r byggarbetsplatsen. Extra starkt, extra h\u00e5llbart. Skyddar mot de tuffaste f\u00f6rh\u00e5llandena. Passar alla golv, \u00e4ven nya. Ram Board \u00e4r andningsbart, s\u00e5 \u00e4ven om golvet \u00e4r skyddat kan underlaget forts\u00e4tta att torka.<\/p>\n<p><strong>Egenskaper:<\/strong><\/p>\n<ul>\n<li>Extra robust, extra l\u00e5ng livsl\u00e4ngd<\/li>\n<li>Tillverkad av \u00e5tervunnen kartong<\/li>\n<li>L\u00e4tt att l\u00e4gga ut<\/li>\n<li>Wall Guard \u2013 unika viklinjer f\u00f6r v\u00e4ggskydd<\/li>\n<li>Vapor Cure \u2013 andas, d\u00e4rf\u00f6r \u00e4ven l\u00e4mplig f\u00f6r nya golv<\/li>\n<li>Flex-Fiber \u2013 fiberf\u00f6rst\u00e4rkt struktur<\/li>\n<li>Spill-Guard \u2013 v\u00e4tsket\u00e4tt skydd<\/li>\n<li>\u00c5tervunnen \/ \u00c5tervinningsbar<\/li>\n<li>FSC-certifierad<\/li>\n<\/ul>\n","protected":false},"featured_media":45822,"comment_status":"closed","ping_status":"closed","template":"","meta":{"generate_page_header":""},"product_brand":[],"product_cat":[5781],"product_tag":[],"class_list":{"0":"post-45530","1":"product","2":"type-product","3":"status-publish","4":"has-post-thumbnail","6":"product_cat-ramboard","7":"infinite-scroll-item","8":"","9":"woocommerce-text-align-left","10":"woocommerce-image-align-center","11":"wc-has-gallery","13":"first","14":"instock","15":"shipping-taxable","16":"product-type-simple"},"yoast_head":"<!-- This site is optimized with the Yoast SEO Premium plugin v26.8 (Yoast SEO v27.4) - https:\/\/yoast.com\/product\/yoast-seo-premium-wordpress\/ -->\n<title>Ram Board Floor Protection - Primaverde<\/title>\n<meta name=\"robots\" content=\"index, follow, max-snippet:-1, max-image-preview:large, max-video-preview:-1\" \/>\n<link rel=\"canonical\" href=\"https:\/\/primaverde.com\/sv\/produkt\/ram-board-floor-protection\/\" \/>\n<meta property=\"og:locale\" content=\"sv_SE\" \/>\n<meta property=\"og:type\" content=\"article\" \/>\n<meta property=\"og:title\" content=\"Ram Board Floor Protection\" \/>\n<meta property=\"og:description\" content=\"Det h\u00e5llbara golvskyddet f\u00f6r byggarbetsplatsenRam Board Floor Protection f\u00f6r byggarbetsplatsen. Extra starkt, extra h\u00e5llbart. Skyddar mot de tuffaste f\u00f6rh\u00e5llandena. Passar alla golv, \u00e4ven nya. Ram Board \u00e4r andningsbart, s\u00e5 \u00e4ven om golvet \u00e4r skyddat kan underlaget forts\u00e4tta att torka.Egenskaper:Extra robust, extra l\u00e5ng livsl\u00e4ngdTillverkad av \u00e5tervunnen kartongL\u00e4tt att l\u00e4gga utWall Guard \u2013 unika viklinjer f\u00f6r v\u00e4ggskyddVapor Cure \u2013 andas, d\u00e4rf\u00f6r \u00e4ven l\u00e4mplig f\u00f6r nya golvFlex-Fiber \u2013 fiberf\u00f6rst\u00e4rkt strukturSpill-Guard \u2013 v\u00e4tsket\u00e4tt skydd\u00c5tervunnen \/ \u00c5tervinningsbarFSC-certifierad\" \/>\n<meta property=\"og:url\" content=\"https:\/\/primaverde.com\/sv\/produkt\/ram-board-floor-protection\/\" \/>\n<meta property=\"og:site_name\" content=\"Primaverde\" \/>\n<meta property=\"article:publisher\" content=\"https:\/\/www.facebook.com\/PrimaverdeBV\/\" \/>\n<meta property=\"article:modified_time\" content=\"2026-04-15T13:40:20+00:00\" \/>\n<meta property=\"og:image\" content=\"https:\/\/primaverde.com\/wp-content\/uploads\/2021\/06\/RamBoard_floor_protection_vloerbescherming_afdekken_rol.jpg\" \/>\n\t<meta property=\"og:image:width\" content=\"600\" \/>\n\t<meta property=\"og:image:height\" content=\"600\" \/>\n\t<meta property=\"og:image:type\" content=\"image\/jpeg\" \/>\n<meta name=\"twitter:card\" content=\"summary_large_image\" \/>\n<meta name=\"twitter:site\" content=\"@PrimaverdeBV\" \/>\n<meta name=\"twitter:label1\" content=\"Ber\u00e4knad l\u00e4stid\" \/>\n\t<meta name=\"twitter:data1\" content=\"1 minut\" \/>\n<script type=\"application\/ld+json\" class=\"yoast-schema-graph\">{\"@context\":\"https:\\\/\\\/schema.org\",\"@graph\":[{\"@type\":\"WebPage\",\"@id\":\"https:\\\/\\\/primaverde.com\\\/sv\\\/produkt\\\/ram-board-floor-protection\\\/\",\"url\":\"https:\\\/\\\/primaverde.com\\\/sv\\\/produkt\\\/ram-board-floor-protection\\\/\",\"name\":\"Ram Board Floor Protection - Primaverde\",\"isPartOf\":{\"@id\":\"https:\\\/\\\/primaverde.com\\\/sv\\\/#website\"},\"primaryImageOfPage\":{\"@id\":\"https:\\\/\\\/primaverde.com\\\/sv\\\/produkt\\\/ram-board-floor-protection\\\/#primaryimage\"},\"image\":{\"@id\":\"https:\\\/\\\/primaverde.com\\\/sv\\\/produkt\\\/ram-board-floor-protection\\\/#primaryimage\"},\"thumbnailUrl\":\"https:\\\/\\\/primaverde.com\\\/wp-content\\\/uploads\\\/2024\\\/07\\\/FloorProtection_P0NZ_s06.png\",\"datePublished\":\"2024-07-03T14:53:07+00:00\",\"dateModified\":\"2026-04-15T13:40:20+00:00\",\"breadcrumb\":{\"@id\":\"https:\\\/\\\/primaverde.com\\\/sv\\\/produkt\\\/ram-board-floor-protection\\\/#breadcrumb\"},\"inLanguage\":\"sv-SE\",\"potentialAction\":[{\"@type\":\"ReadAction\",\"target\":[\"https:\\\/\\\/primaverde.com\\\/sv\\\/produkt\\\/ram-board-floor-protection\\\/\"]}]},{\"@type\":\"ImageObject\",\"inLanguage\":\"sv-SE\",\"@id\":\"https:\\\/\\\/primaverde.com\\\/sv\\\/produkt\\\/ram-board-floor-protection\\\/#primaryimage\",\"url\":\"https:\\\/\\\/primaverde.com\\\/wp-content\\\/uploads\\\/2024\\\/07\\\/FloorProtection_P0NZ_s06.png\",\"contentUrl\":\"https:\\\/\\\/primaverde.com\\\/wp-content\\\/uploads\\\/2024\\\/07\\\/FloorProtection_P0NZ_s06.png\",\"width\":600,\"height\":600},{\"@type\":\"BreadcrumbList\",\"@id\":\"https:\\\/\\\/primaverde.com\\\/sv\\\/produkt\\\/ram-board-floor-protection\\\/#breadcrumb\",\"itemListElement\":[{\"@type\":\"ListItem\",\"position\":1,\"name\":\"Home\",\"item\":\"https:\\\/\\\/primaverde.com\\\/sv\\\/\"},{\"@type\":\"ListItem\",\"position\":2,\"name\":\"Butik\",\"item\":\"https:\\\/\\\/primaverde.com\\\/sv\\\/butik\\\/\"},{\"@type\":\"ListItem\",\"position\":3,\"name\":\"Ram Board Floor Protection\"}]},{\"@type\":\"WebSite\",\"@id\":\"https:\\\/\\\/primaverde.com\\\/sv\\\/#website\",\"url\":\"https:\\\/\\\/primaverde.com\\\/sv\\\/\",\"name\":\"Primaverde\",\"description\":\"Covering material, protection, tapes, Beschermende materialen\",\"publisher\":{\"@id\":\"https:\\\/\\\/primaverde.com\\\/sv\\\/#organization\"},\"potentialAction\":[{\"@type\":\"SearchAction\",\"target\":{\"@type\":\"EntryPoint\",\"urlTemplate\":\"https:\\\/\\\/primaverde.com\\\/sv\\\/?s={search_term_string}\"},\"query-input\":{\"@type\":\"PropertyValueSpecification\",\"valueRequired\":true,\"valueName\":\"search_term_string\"}}],\"inLanguage\":\"sv-SE\"},{\"@type\":\"Organization\",\"@id\":\"https:\\\/\\\/primaverde.com\\\/sv\\\/#organization\",\"name\":\"Primaverde B.V.\",\"url\":\"https:\\\/\\\/primaverde.com\\\/sv\\\/\",\"logo\":{\"@type\":\"ImageObject\",\"inLanguage\":\"sv-SE\",\"@id\":\"https:\\\/\\\/primaverde.com\\\/sv\\\/#\\\/schema\\\/logo\\\/image\\\/\",\"url\":\"https:\\\/\\\/primaverde.com\\\/wp-content\\\/uploads\\\/2015\\\/03\\\/Logo_Primaverde.jpg\",\"contentUrl\":\"https:\\\/\\\/primaverde.com\\\/wp-content\\\/uploads\\\/2015\\\/03\\\/Logo_Primaverde.jpg\",\"width\":1170,\"height\":212,\"caption\":\"Primaverde B.V.\"},\"image\":{\"@id\":\"https:\\\/\\\/primaverde.com\\\/sv\\\/#\\\/schema\\\/logo\\\/image\\\/\"},\"sameAs\":[\"https:\\\/\\\/www.facebook.com\\\/PrimaverdeBV\\\/\",\"https:\\\/\\\/x.com\\\/PrimaverdeBV\",\"https:\\\/\\\/nl.linkedin.com\\\/company\\\/primaverde\",\"http:\\\/\\\/www.youtube.com\\\/channel\\\/UC3DwQqj8f8tatLdSFA0aWwA\"]}]}<\/script>\n<!-- \/ Yoast SEO Premium plugin. -->","yoast_head_json":{"title":"Ram Board Floor Protection - Primaverde","robots":{"index":"index","follow":"follow","max-snippet":"max-snippet:-1","max-image-preview":"max-image-preview:large","max-video-preview":"max-video-preview:-1"},"canonical":"https:\/\/primaverde.com\/sv\/produkt\/ram-board-floor-protection\/","og_locale":"sv_SE","og_type":"article","og_title":"Ram Board Floor Protection","og_description":"Det h\u00e5llbara golvskyddet f\u00f6r byggarbetsplatsenRam Board Floor Protection f\u00f6r byggarbetsplatsen. Extra starkt, extra h\u00e5llbart. Skyddar mot de tuffaste f\u00f6rh\u00e5llandena. Passar alla golv, \u00e4ven nya. Ram Board \u00e4r andningsbart, s\u00e5 \u00e4ven om golvet \u00e4r skyddat kan underlaget forts\u00e4tta att torka.Egenskaper:Extra robust, extra l\u00e5ng livsl\u00e4ngdTillverkad av \u00e5tervunnen kartongL\u00e4tt att l\u00e4gga utWall Guard \u2013 unika viklinjer f\u00f6r v\u00e4ggskyddVapor Cure \u2013 andas, d\u00e4rf\u00f6r \u00e4ven l\u00e4mplig f\u00f6r nya golvFlex-Fiber \u2013 fiberf\u00f6rst\u00e4rkt strukturSpill-Guard \u2013 v\u00e4tsket\u00e4tt skydd\u00c5tervunnen \/ \u00c5tervinningsbarFSC-certifierad","og_url":"https:\/\/primaverde.com\/sv\/produkt\/ram-board-floor-protection\/","og_site_name":"Primaverde","article_publisher":"https:\/\/www.facebook.com\/PrimaverdeBV\/","article_modified_time":"2026-04-15T13:40:20+00:00","og_image":[{"width":600,"height":600,"url":"https:\/\/primaverde.com\/wp-content\/uploads\/2021\/06\/RamBoard_floor_protection_vloerbescherming_afdekken_rol.jpg","type":"image\/jpeg"}],"twitter_card":"summary_large_image","twitter_site":"@PrimaverdeBV","twitter_misc":{"Ber\u00e4knad l\u00e4stid":"1 minut"},"schema":{"@context":"https:\/\/schema.org","@graph":[{"@type":"WebPage","@id":"https:\/\/primaverde.com\/sv\/produkt\/ram-board-floor-protection\/","url":"https:\/\/primaverde.com\/sv\/produkt\/ram-board-floor-protection\/","name":"Ram Board Floor Protection - Primaverde","isPartOf":{"@id":"https:\/\/primaverde.com\/sv\/#website"},"primaryImageOfPage":{"@id":"https:\/\/primaverde.com\/sv\/produkt\/ram-board-floor-protection\/#primaryimage"},"image":{"@id":"https:\/\/primaverde.com\/sv\/produkt\/ram-board-floor-protection\/#primaryimage"},"thumbnailUrl":"https:\/\/primaverde.com\/wp-content\/uploads\/2024\/07\/FloorProtection_P0NZ_s06.png","datePublished":"2024-07-03T14:53:07+00:00","dateModified":"2026-04-15T13:40:20+00:00","breadcrumb":{"@id":"https:\/\/primaverde.com\/sv\/produkt\/ram-board-floor-protection\/#breadcrumb"},"inLanguage":"sv-SE","potentialAction":[{"@type":"ReadAction","target":["https:\/\/primaverde.com\/sv\/produkt\/ram-board-floor-protection\/"]}]},{"@type":"ImageObject","inLanguage":"sv-SE","@id":"https:\/\/primaverde.com\/sv\/produkt\/ram-board-floor-protection\/#primaryimage","url":"https:\/\/primaverde.com\/wp-content\/uploads\/2024\/07\/FloorProtection_P0NZ_s06.png","contentUrl":"https:\/\/primaverde.com\/wp-content\/uploads\/2024\/07\/FloorProtection_P0NZ_s06.png","width":600,"height":600},{"@type":"BreadcrumbList","@id":"https:\/\/primaverde.com\/sv\/produkt\/ram-board-floor-protection\/#breadcrumb","itemListElement":[{"@type":"ListItem","position":1,"name":"Home","item":"https:\/\/primaverde.com\/sv\/"},{"@type":"ListItem","position":2,"name":"Butik","item":"https:\/\/primaverde.com\/sv\/butik\/"},{"@type":"ListItem","position":3,"name":"Ram Board Floor Protection"}]},{"@type":"WebSite","@id":"https:\/\/primaverde.com\/sv\/#website","url":"https:\/\/primaverde.com\/sv\/","name":"Primaverde","description":"Covering material, protection, tapes, Beschermende materialen","publisher":{"@id":"https:\/\/primaverde.com\/sv\/#organization"},"potentialAction":[{"@type":"SearchAction","target":{"@type":"EntryPoint","urlTemplate":"https:\/\/primaverde.com\/sv\/?s={search_term_string}"},"query-input":{"@type":"PropertyValueSpecification","valueRequired":true,"valueName":"search_term_string"}}],"inLanguage":"sv-SE"},{"@type":"Organization","@id":"https:\/\/primaverde.com\/sv\/#organization","name":"Primaverde B.V.","url":"https:\/\/primaverde.com\/sv\/","logo":{"@type":"ImageObject","inLanguage":"sv-SE","@id":"https:\/\/primaverde.com\/sv\/#\/schema\/logo\/image\/","url":"https:\/\/primaverde.com\/wp-content\/uploads\/2015\/03\/Logo_Primaverde.jpg","contentUrl":"https:\/\/primaverde.com\/wp-content\/uploads\/2015\/03\/Logo_Primaverde.jpg","width":1170,"height":212,"caption":"Primaverde B.V."},"image":{"@id":"https:\/\/primaverde.com\/sv\/#\/schema\/logo\/image\/"},"sameAs":["https:\/\/www.facebook.com\/PrimaverdeBV\/","https:\/\/x.com\/PrimaverdeBV","https:\/\/nl.linkedin.com\/company\/primaverde","http:\/\/www.youtube.com\/channel\/UC3DwQqj8f8tatLdSFA0aWwA"]}]}},"_links":{"self":[{"href":"https:\/\/primaverde.com\/sv\/wp-json\/wp\/v2\/product\/45530","targetHints":{"allow":["GET"]}}],"collection":[{"href":"https:\/\/primaverde.com\/sv\/wp-json\/wp\/v2\/product"}],"about":[{"href":"https:\/\/primaverde.com\/sv\/wp-json\/wp\/v2\/types\/product"}],"replies":[{"embeddable":true,"href":"https:\/\/primaverde.com\/sv\/wp-json\/wp\/v2\/comments?post=45530"}],"wp:featuredmedia":[{"embeddable":true,"href":"https:\/\/primaverde.com\/sv\/wp-json\/wp\/v2\/media\/45822"}],"wp:attachment":[{"href":"https:\/\/primaverde.com\/sv\/wp-json\/wp\/v2\/media?parent=45530"}],"wp:term":[{"taxonomy":"product_brand","embeddable":true,"href":"https:\/\/primaverde.com\/sv\/wp-json\/wp\/v2\/product_brand?post=45530"},{"taxonomy":"product_cat","embeddable":true,"href":"https:\/\/primaverde.com\/sv\/wp-json\/wp\/v2\/product_cat?post=45530"},{"taxonomy":"product_tag","embeddable":true,"href":"https:\/\/primaverde.com\/sv\/wp-json\/wp\/v2\/product_tag?post=45530"}],"curies":[{"name":"wp","href":"https:\/\/api.w.org\/{rel}","templated":true}]}}